{"id":1829,"date":"2024-02-08T15:24:42","date_gmt":"2024-02-08T14:24:42","guid":{"rendered":"https:\/\/fournelle.lu\/gfhesper\/v3\/?page_id=1829"},"modified":"2024-02-22T12:11:46","modified_gmt":"2024-02-22T11:11:46","slug":"publikationen","status":"publish","type":"page","link":"https:\/\/gfhesper.lu\/?page_id=1829","title":{"rendered":"Publikationen"},"content":{"rendered":"\t\t<div data-elementor-type=\"wp-page\" data-elementor-id=\"1829\" class=\"elementor elementor-1829\" data-elementor-post-type=\"page\">\n\t\t\t\t<div class=\"elementor-element elementor-element-30b6450 e-flex e-con-boxed e-con e-parent\" data-id=\"30b6450\" data-element_type=\"container\" data-e-type=\"container\" data-settings=\"{&quot;background_background&quot;:&quot;classic&quot;}\">\n\t\t\t\t\t<div class=\"e-con-inner\">\n\t\t\t\t<div class=\"elementor-element elementor-element-e1cbcbe elementor-widget elementor-widget-heading\" data-id=\"e1cbcbe\" data-element_type=\"widget\" data-e-type=\"widget\" data-widget_type=\"heading.default\">\n\t\t\t\t\t<h1 class=\"elementor-heading-title elementor-size-default\">UNSERE PUBLIKATIONEN<\/h1>\t\t\t\t<\/div>\n\t\t\t\t\t<\/div>\n\t\t\t\t<\/div>\n\t\t<div class=\"elementor-element elementor-element-77e8944 e-flex e-con-boxed e-con e-parent\" data-id=\"77e8944\" data-element_type=\"container\" data-e-type=\"container\" data-settings=\"{&quot;background_background&quot;:&quot;classic&quot;}\">\n\t\t\t\t\t<div class=\"e-con-inner\">\n\t\t\t\t<div class=\"elementor-element elementor-element-b62e3d4 elementor-grid-3 elementor-grid-tablet-2 elementor-grid-mobile-1 elementor-widget elementor-widget-portfolio\" data-id=\"b62e3d4\" data-element_type=\"widget\" data-e-type=\"widget\" data-settings=\"{&quot;masonry&quot;:&quot;yes&quot;,&quot;row_gap&quot;:{&quot;unit&quot;:&quot;px&quot;,&quot;size&quot;:20,&quot;sizes&quot;:[]},&quot;columns&quot;:&quot;3&quot;,&quot;columns_tablet&quot;:&quot;2&quot;,&quot;columns_mobile&quot;:&quot;1&quot;,&quot;item_gap&quot;:{&quot;unit&quot;:&quot;px&quot;,&quot;size&quot;:&quot;&quot;,&quot;sizes&quot;:[]}}\" data-widget_type=\"portfolio.default\">\n\t\t\t\t<div class=\"elementor-widget-container\">\n\t\t\t\t\t\t\t<div class=\"elementor-portfolio elementor-grid elementor-posts-container\" role=\"list\">\n\t\t\t\t<article class=\"elementor-portfolio-item elementor-post elementor-filter-28 post-1643 post type-post status-publish format-standard has-post-thumbnail hentry category-unsere-publikationen tag-geschichte tag-geschichtsfrenn-hesper tag-kirche tag-publikation\" role=\"listitem\">\n\t\t\t<a class=\"elementor-post__thumbnail__link\" href=\"https:\/\/gfhesper.lu\/?p=1643\">\n\t\t\t\t<div class=\"elementor-portfolio-item__img elementor-post__thumbnail\">\n\t\t\t<img fetchpriority=\"high\" decoding=\"async\" width=\"206\" height=\"300\" src=\"https:\/\/gfhesper.lu\/wp-content\/uploads\/Publikationen\/Publikation-Hesper_Band_4-206x300.jpg\" class=\"attachment-medium size-medium wp-image-1669\" alt=\"\" srcset=\"https:\/\/gfhesper.lu\/wp-content\/uploads\/Publikationen\/Publikation-Hesper_Band_4-206x300.jpg 206w, https:\/\/gfhesper.lu\/wp-content\/uploads\/Publikationen\/Publikation-Hesper_Band_4.jpg 686w\" sizes=\"(max-width: 206px) 100vw, 206px\" \/>\t\t<\/div>\n\t\t\t\t<div class=\"elementor-portfolio-item__overlay\">\n\t\t\t\t<h3 class=\"elementor-portfolio-item__title\">\n\t\tGeschichte der Gemeinde Hesperingen &#8211; Band 4\t\t<\/h3>\n\t\t\t\t<\/div>\n\t\t\t\t<\/a>\n\t\t<\/article>\n\t\t\t\t<article class=\"elementor-portfolio-item elementor-post elementor-filter-28 post-1641 post type-post status-publish format-standard has-post-thumbnail hentry category-unsere-publikationen tag-alzingen tag-geschichte tag-hesperingen tag-howald tag-publikation\" role=\"listitem\">\n\t\t\t<a class=\"elementor-post__thumbnail__link\" href=\"https:\/\/gfhesper.lu\/?p=1641\">\n\t\t\t\t<div class=\"elementor-portfolio-item__img elementor-post__thumbnail\">\n\t\t\t<img decoding=\"async\" width=\"216\" height=\"300\" src=\"https:\/\/gfhesper.lu\/wp-content\/uploads\/Publikationen\/Publikation-noscahiers_3_4_2015-216x300.jpg\" class=\"attachment-medium size-medium wp-image-1671\" alt=\"\" srcset=\"https:\/\/gfhesper.lu\/wp-content\/uploads\/Publikationen\/Publikation-noscahiers_3_4_2015-216x300.jpg 216w, https:\/\/gfhesper.lu\/wp-content\/uploads\/Publikationen\/Publikation-noscahiers_3_4_2015.jpg 721w\" sizes=\"(max-width: 216px) 100vw, 216px\" \/>\t\t<\/div>\n\t\t\t\t<div class=\"elementor-portfolio-item__overlay\">\n\t\t\t\t<h3 class=\"elementor-portfolio-item__title\">\n\t\tnos cahiers 3\/4 &#8211; 2015 &#8211; num\u00e9ro sp\u00e9cial &#8220;Kanton L\u00ebtzebuerg&#8221;\t\t<\/h3>\n\t\t\t\t<\/div>\n\t\t\t\t<\/a>\n\t\t<\/article>\n\t\t\t\t<article class=\"elementor-portfolio-item elementor-post elementor-filter-28 post-1639 post type-post status-publish format-standard has-post-thumbnail hentry category-unsere-publikationen tag-burg tag-geschichte tag-publikation\" role=\"listitem\">\n\t\t\t<a class=\"elementor-post__thumbnail__link\" href=\"https:\/\/gfhesper.lu\/?p=1639\">\n\t\t\t\t<div class=\"elementor-portfolio-item__img elementor-post__thumbnail\">\n\t\t\t<img decoding=\"async\" width=\"212\" height=\"300\" src=\"https:\/\/gfhesper.lu\/wp-content\/uploads\/Publikationen\/Publikation-Hesper_eng_Gemeng_am_Wandel-212x300.jpg\" class=\"attachment-medium size-medium wp-image-1665\" alt=\"\" srcset=\"https:\/\/gfhesper.lu\/wp-content\/uploads\/Publikationen\/Publikation-Hesper_eng_Gemeng_am_Wandel-212x300.jpg 212w, https:\/\/gfhesper.lu\/wp-content\/uploads\/Publikationen\/Publikation-Hesper_eng_Gemeng_am_Wandel.jpg 452w\" sizes=\"(max-width: 212px) 100vw, 212px\" \/>\t\t<\/div>\n\t\t\t\t<div class=\"elementor-portfolio-item__overlay\">\n\t\t\t\t<h3 class=\"elementor-portfolio-item__title\">\n\t\tHesper &#8211; eng Gemeng am Wandel\t\t<\/h3>\n\t\t\t\t<\/div>\n\t\t\t\t<\/a>\n\t\t<\/article>\n\t\t\t\t<article class=\"elementor-portfolio-item elementor-post elementor-filter-28 post-1637 post type-post status-publish format-standard has-post-thumbnail hentry category-unsere-publikationen tag-geschichte tag-hesperingen tag-panzer tag-publikation\" role=\"listitem\">\n\t\t\t<a class=\"elementor-post__thumbnail__link\" href=\"https:\/\/gfhesper.lu\/?p=1637\">\n\t\t\t\t<div class=\"elementor-portfolio-item__img elementor-post__thumbnail\">\n\t\t\t<img loading=\"lazy\" decoding=\"async\" width=\"212\" height=\"300\" src=\"https:\/\/gfhesper.lu\/wp-content\/uploads\/Publikationen\/Publikation-Panzerunglueck-212x300.jpg\" class=\"attachment-medium size-medium wp-image-1666\" alt=\"\" srcset=\"https:\/\/gfhesper.lu\/wp-content\/uploads\/Publikationen\/Publikation-Panzerunglueck-212x300.jpg 212w, https:\/\/gfhesper.lu\/wp-content\/uploads\/Publikationen\/Publikation-Panzerunglueck.jpg 480w\" sizes=\"(max-width: 212px) 100vw, 212px\" \/>\t\t<\/div>\n\t\t\t\t<div class=\"elementor-portfolio-item__overlay\">\n\t\t\t\t<h3 class=\"elementor-portfolio-item__title\">\n\t\tDas Panzerungl\u00fcck in Hesperingen am 26. Dezember 1944\t\t<\/h3>\n\t\t\t\t<\/div>\n\t\t\t\t<\/a>\n\t\t<\/article>\n\t\t\t\t<article class=\"elementor-portfolio-item elementor-post elementor-filter-28 post-1635 post type-post status-publish format-standard has-post-thumbnail hentry category-unsere-publikationen tag-geschichte tag-publikation\" role=\"listitem\">\n\t\t\t<a class=\"elementor-post__thumbnail__link\" href=\"https:\/\/gfhesper.lu\/?p=1635\">\n\t\t\t\t<div class=\"elementor-portfolio-item__img elementor-post__thumbnail\">\n\t\t\t<img loading=\"lazy\" decoding=\"async\" width=\"211\" height=\"300\" src=\"https:\/\/gfhesper.lu\/wp-content\/uploads\/Publikationen\/Publikation-Fentenge_Kierch_V-211x300.jpg\" class=\"attachment-medium size-medium wp-image-1670\" alt=\"\" srcset=\"https:\/\/gfhesper.lu\/wp-content\/uploads\/Publikationen\/Publikation-Fentenge_Kierch_V-211x300.jpg 211w, https:\/\/gfhesper.lu\/wp-content\/uploads\/Publikationen\/Publikation-Fentenge_Kierch_V.jpg 352w\" sizes=\"(max-width: 211px) 100vw, 211px\" \/>\t\t<\/div>\n\t\t\t\t<div class=\"elementor-portfolio-item__overlay\">\n\t\t\t\t<h3 class=\"elementor-portfolio-item__title\">\n\t\tD&#8217;Fentenger Kierch am neie Liicht\t\t<\/h3>\n\t\t\t\t<\/div>\n\t\t\t\t<\/a>\n\t\t<\/article>\n\t\t\t\t<article class=\"elementor-portfolio-item elementor-post elementor-filter-28 post-1633 post type-post status-publish format-standard has-post-thumbnail hentry category-unsere-publikationen tag-geschichte tag-geschichtsfrenn-hesper tag-publikation\" role=\"listitem\">\n\t\t\t<a class=\"elementor-post__thumbnail__link\" href=\"https:\/\/gfhesper.lu\/?p=1633\">\n\t\t\t\t<div class=\"elementor-portfolio-item__img elementor-post__thumbnail\">\n\t\t\t<img loading=\"lazy\" decoding=\"async\" width=\"214\" height=\"300\" src=\"https:\/\/gfhesper.lu\/wp-content\/uploads\/Publikationen\/Publikation-10-joer-214x300.jpg\" class=\"attachment-medium size-medium wp-image-1659\" alt=\"\" srcset=\"https:\/\/gfhesper.lu\/wp-content\/uploads\/Publikationen\/Publikation-10-joer-214x300.jpg 214w, https:\/\/gfhesper.lu\/wp-content\/uploads\/Publikationen\/Publikation-10-joer.jpg 300w\" sizes=\"(max-width: 214px) 100vw, 214px\" \/>\t\t<\/div>\n\t\t\t\t<div class=\"elementor-portfolio-item__overlay\">\n\t\t\t\t<h3 class=\"elementor-portfolio-item__title\">\n\t\t10 Joer Geschichtsfr\u00ebnn vun der Gemeng Hesper\t\t<\/h3>\n\t\t\t\t<\/div>\n\t\t\t\t<\/a>\n\t\t<\/article>\n\t\t\t\t<article class=\"elementor-portfolio-item elementor-post elementor-filter-28 post-1631 post type-post status-publish format-standard has-post-thumbnail hentry category-unsere-publikationen tag-burg tag-geschichte tag-publikation\" role=\"listitem\">\n\t\t\t<a class=\"elementor-post__thumbnail__link\" href=\"https:\/\/gfhesper.lu\/?p=1631\">\n\t\t\t\t<div class=\"elementor-portfolio-item__img elementor-post__thumbnail\">\n\t\t\t<img loading=\"lazy\" decoding=\"async\" width=\"222\" height=\"300\" src=\"https:\/\/gfhesper.lu\/wp-content\/uploads\/Publikationen\/Publikation-Hesper_2000-222x300.jpg\" class=\"attachment-medium size-medium wp-image-1667\" alt=\"\" srcset=\"https:\/\/gfhesper.lu\/wp-content\/uploads\/Publikationen\/Publikation-Hesper_2000-222x300.jpg 222w, https:\/\/gfhesper.lu\/wp-content\/uploads\/Publikationen\/Publikation-Hesper_2000.jpg 584w\" sizes=\"(max-width: 222px) 100vw, 222px\" \/>\t\t<\/div>\n\t\t\t\t<div class=\"elementor-portfolio-item__overlay\">\n\t\t\t\t<h3 class=\"elementor-portfolio-item__title\">\n\t\tHesper 2000 &#8211; Geschichte der Gemeinde Hesperingen, Band 2\t\t<\/h3>\n\t\t\t\t<\/div>\n\t\t\t\t<\/a>\n\t\t<\/article>\n\t\t\t\t<article class=\"elementor-portfolio-item elementor-post elementor-filter-28 post-1629 post type-post status-publish format-standard has-post-thumbnail hentry category-unsere-publikationen tag-geschichte tag-publikation\" role=\"listitem\">\n\t\t\t<a class=\"elementor-post__thumbnail__link\" href=\"https:\/\/gfhesper.lu\/?p=1629\">\n\t\t\t\t<div class=\"elementor-portfolio-item__img elementor-post__thumbnail\">\n\t\t\t<img loading=\"lazy\" decoding=\"async\" width=\"214\" height=\"300\" src=\"https:\/\/gfhesper.lu\/wp-content\/uploads\/Publikationen\/Publikation-band4-214x300.jpg\" class=\"attachment-medium size-medium wp-image-1661\" alt=\"\" srcset=\"https:\/\/gfhesper.lu\/wp-content\/uploads\/Publikationen\/Publikation-band4-214x300.jpg 214w, https:\/\/gfhesper.lu\/wp-content\/uploads\/Publikationen\/Publikation-band4.jpg 386w\" sizes=\"(max-width: 214px) 100vw, 214px\" \/>\t\t<\/div>\n\t\t\t\t<div class=\"elementor-portfolio-item__overlay\">\n\t\t\t\t<h3 class=\"elementor-portfolio-item__title\">\n\t\tBand 4: H\u00e4userstrukturen in und um Hesperingen (17. &#8211; 20. Jahrhundert)\t\t<\/h3>\n\t\t\t\t<\/div>\n\t\t\t\t<\/a>\n\t\t<\/article>\n\t\t\t\t<article class=\"elementor-portfolio-item elementor-post elementor-filter-28 post-1627 post type-post status-publish format-standard has-post-thumbnail hentry category-unsere-publikationen tag-geschichte tag-publikation\" role=\"listitem\">\n\t\t\t<a class=\"elementor-post__thumbnail__link\" href=\"https:\/\/gfhesper.lu\/?p=1627\">\n\t\t\t\t<div class=\"elementor-portfolio-item__img elementor-post__thumbnail\">\n\t\t\t<img loading=\"lazy\" decoding=\"async\" width=\"203\" height=\"300\" src=\"https:\/\/gfhesper.lu\/wp-content\/uploads\/Publikationen\/Publikation-band3-203x300.jpg\" class=\"attachment-medium size-medium wp-image-1664\" alt=\"\" srcset=\"https:\/\/gfhesper.lu\/wp-content\/uploads\/Publikationen\/Publikation-band3-203x300.jpg 203w, https:\/\/gfhesper.lu\/wp-content\/uploads\/Publikationen\/Publikation-band3.jpg 401w\" sizes=\"(max-width: 203px) 100vw, 203px\" \/>\t\t<\/div>\n\t\t\t\t<div class=\"elementor-portfolio-item__overlay\">\n\t\t\t\t<h3 class=\"elementor-portfolio-item__title\">\n\t\tBand 3: Die Gemeinde Hesperingen im Schrifttum. Versuch einer lokalhistorischen Bibliographie\t\t<\/h3>\n\t\t\t\t<\/div>\n\t\t\t\t<\/a>\n\t\t<\/article>\n\t\t\t\t<article class=\"elementor-portfolio-item elementor-post elementor-filter-28 post-1625 post type-post status-publish format-standard has-post-thumbnail hentry category-unsere-publikationen tag-geschichte tag-publikation\" role=\"listitem\">\n\t\t\t<a class=\"elementor-post__thumbnail__link\" href=\"https:\/\/gfhesper.lu\/?p=1625\">\n\t\t\t\t<div class=\"elementor-portfolio-item__img elementor-post__thumbnail\">\n\t\t\t<img loading=\"lazy\" decoding=\"async\" width=\"201\" height=\"300\" src=\"https:\/\/gfhesper.lu\/wp-content\/uploads\/Publikationen\/Publikation-band2-201x300.jpg\" class=\"attachment-medium size-medium wp-image-1663\" alt=\"\" srcset=\"https:\/\/gfhesper.lu\/wp-content\/uploads\/Publikationen\/Publikation-band2-201x300.jpg 201w, https:\/\/gfhesper.lu\/wp-content\/uploads\/Publikationen\/Publikation-band2.jpg 398w\" sizes=\"(max-width: 201px) 100vw, 201px\" \/>\t\t<\/div>\n\t\t\t\t<div class=\"elementor-portfolio-item__overlay\">\n\t\t\t\t<h3 class=\"elementor-portfolio-item__title\">\n\t\tBand 2 : D&#8217;Kapitulatioun vun der Festung L\u00ebtzebuerg de 7. Juni 1795\t\t<\/h3>\n\t\t\t\t<\/div>\n\t\t\t\t<\/a>\n\t\t<\/article>\n\t\t\t\t<article class=\"elementor-portfolio-item elementor-post elementor-filter-28 post-1623 post type-post status-publish format-standard has-post-thumbnail hentry category-unsere-publikationen tag-alzingen tag-geschichte tag-hesperingen tag-publikation\" role=\"listitem\">\n\t\t\t<a class=\"elementor-post__thumbnail__link\" href=\"https:\/\/gfhesper.lu\/?p=1623\">\n\t\t\t\t<div class=\"elementor-portfolio-item__img elementor-post__thumbnail\">\n\t\t\t<img loading=\"lazy\" decoding=\"async\" width=\"199\" height=\"300\" src=\"https:\/\/gfhesper.lu\/wp-content\/uploads\/Publikationen\/Publikation-band1-199x300.jpg\" class=\"attachment-medium size-medium wp-image-1660\" alt=\"\" srcset=\"https:\/\/gfhesper.lu\/wp-content\/uploads\/Publikationen\/Publikation-band1-199x300.jpg 199w, https:\/\/gfhesper.lu\/wp-content\/uploads\/Publikationen\/Publikation-band1.jpg 386w\" sizes=\"(max-width: 199px) 100vw, 199px\" \/>\t\t<\/div>\n\t\t\t\t<div class=\"elementor-portfolio-item__overlay\">\n\t\t\t\t<h3 class=\"elementor-portfolio-item__title\">\n\t\tBand 1: Recensement de la population des communes d&#8217;Alzingen et de Hesperange au 1er janvier 1806\t\t<\/h3>\n\t\t\t\t<\/div>\n\t\t\t\t<\/a>\n\t\t<\/article>\n\t\t\t\t<article class=\"elementor-portfolio-item elementor-post elementor-filter-28 post-1621 post type-post status-publish format-standard has-post-thumbnail hentry category-unsere-publikationen tag-burg tag-geschichte tag-publikation\" role=\"listitem\">\n\t\t\t<a class=\"elementor-post__thumbnail__link\" href=\"https:\/\/gfhesper.lu\/?p=1621\">\n\t\t\t\t<div class=\"elementor-portfolio-item__img elementor-post__thumbnail\">\n\t\t\t<img loading=\"lazy\" decoding=\"async\" width=\"219\" height=\"300\" src=\"https:\/\/gfhesper.lu\/wp-content\/uploads\/Publikationen\/Publikation-Hesper1-219x300.jpg\" class=\"attachment-medium size-medium wp-image-1668\" alt=\"\" srcset=\"https:\/\/gfhesper.lu\/wp-content\/uploads\/Publikationen\/Publikation-Hesper1-219x300.jpg 219w, https:\/\/gfhesper.lu\/wp-content\/uploads\/Publikationen\/Publikation-Hesper1.jpg 399w\" sizes=\"(max-width: 219px) 100vw, 219px\" \/>\t\t<\/div>\n\t\t\t\t<div class=\"elementor-portfolio-item__overlay\">\n\t\t\t\t<h3 class=\"elementor-portfolio-item__title\">\n\t\tGeschichte der Gemeinde Hesperingen\t\t<\/h3>\n\t\t\t\t<\/div>\n\t\t\t\t<\/a>\n\t\t<\/article>\n\t\t\t\t<\/div>\n\t\t\t\t\t\t<\/div>\n\t\t\t\t<\/div>\n\t\t\t\t\t<\/div>\n\t\t\t\t<\/div>\n\t\t\t\t<\/div>\n\t\t","protected":false},"excerpt":{"rendered":"<p>UNSERE PUBLIKATIONEN<\/p>\n","protected":false},"author":1,"featured_media":0,"parent":1890,"menu_order":0,"comment_status":"closed","ping_status":"closed","template":"","meta":{"footnotes":""},"class_list":["post-1829","page","type-page","status-publish","hentry"],"_links":{"self":[{"href":"https:\/\/gfhesper.lu\/index.php?rest_route=\/wp\/v2\/pages\/1829","targetHints":{"allow":["GET"]}}],"collection":[{"href":"https:\/\/gfhesper.lu\/index.php?rest_route=\/wp\/v2\/pages"}],"about":[{"href":"https:\/\/gfhesper.lu\/index.php?rest_route=\/wp\/v2\/types\/page"}],"author":[{"embeddable":true,"href":"https:\/\/gfhesper.lu\/index.php?rest_route=\/wp\/v2\/users\/1"}],"replies":[{"embeddable":true,"href":"https:\/\/gfhesper.lu\/index.php?rest_route=%2Fwp%2Fv2%2Fcomments&post=1829"}],"version-history":[{"count":29,"href":"https:\/\/gfhesper.lu\/index.php?rest_route=\/wp\/v2\/pages\/1829\/revisions"}],"predecessor-version":[{"id":4030,"href":"https:\/\/gfhesper.lu\/index.php?rest_route=\/wp\/v2\/pages\/1829\/revisions\/4030"}],"up":[{"embeddable":true,"href":"https:\/\/gfhesper.lu\/index.php?rest_route=\/wp\/v2\/pages\/1890"}],"wp:attachment":[{"href":"https:\/\/gfhesper.lu\/index.php?rest_route=%2Fwp%2Fv2%2Fmedia&parent=1829"}],"curies":[{"name":"wp","href":"https:\/\/api.w.org\/{rel}","templated":true}]}}